{"id":10,"date":"2025-09-27T14:53:31","date_gmt":"2025-09-27T14:53:31","guid":{"rendered":"https:\/\/www.inqro.com.mx\/tv\/?page_id=10"},"modified":"2025-09-27T15:32:53","modified_gmt":"2025-09-27T15:32:53","slug":"video","status":"publish","type":"page","link":"https:\/\/www.inqro.com.mx\/tv\/","title":{"rendered":"Video"},"content":{"rendered":"<div class=\"automatic-youtube-gallery ayg\">\n        <ayg-theme-classic id=\"ayg-7d4e1ab6693c39087b74c8577a6dc70b\" class=\"ayg-theme ayg-theme-classic\" data-params='{\"uid\":\"7d4e1ab6693c39087b74c8577a6dc70b\",\"loop\":0,\"autoadvance\":1,\"player_title\":1,\"player_description\":1}'>\n        <div class=\"ayg-player\">\n            <div class=\"ayg-player-container\" style=\"max-width: 100%;\">\n                <ayg-player src=\"https:\/\/www.youtube.com\/embed\/gIAL-py9hx0?enablejsapi=1&#038;playsinline=1&#038;rel=0&#038;modestbranding=1&#038;iv_load_policy=3\" ratio=\"56.25\" title=\"Fatal colisi\u00f3n en Paseo de la Rep\u00fablica\" poster=\"https:\/\/i.ytimg.com\/vi\/gIAL-py9hx0\/maxresdefault.jpg\"><\/ayg-player>           \n            <\/div>\n            <div class=\"ayg-player-caption\">\n                    \n                    <h2 class=\"ayg-player-title\">Fatal colisi\u00f3n en Paseo de la Rep\u00fablica<\/h2>  \n                                  \n                    <ayg-description class=\"ayg-player-description\"><\/ayg-description>\n                            <\/div>\n        <\/div>\n        <div class=\"ayg-videos ayg-gallery ayg-row\">\n                            <div class=\"ayg-video ayg-video-gIAL-py9hx0 ayg-col ayg-col-3 ayg-col-xs-2 ayg-active\">\n                    <div class=\"ayg-thumbnail\" data-id=\"gIAL-py9hx0\" data-title=\"Fatal colisi\u00f3n en Paseo de la Rep\u00fablica\" data-url=\"\">\n    <div class=\"ayg-thumbnail-media\">\n        <img loading=\"lazy\" decoding=\"async\" src=\"https:\/\/i.ytimg.com\/vi\/gIAL-py9hx0\/maxresdefault.jpg\" class=\"ayg-thumbnail-image\" width=\"320\" height=\"180\" alt=\"Fatal colisi\u00f3n en Paseo de la Rep\u00fablica\" \/><svg xmlns=\"http:\/\/www.w3.org\/2000\/svg\" fill=\"white\" width=\"40\" height=\"40\" viewBox=\"0 0 24 24\" class=\"ayg-icon ayg-thumbnail-icon-play\" title=\"Play\" aria-label=\"Play\"><path fill-rule=\"evenodd\" d=\"M2.25 12c0-5.385 4.365-9.75 9.75-9.75s9.75 4.365 9.75 9.75-4.365 9.75-9.75 9.75S2.25 17.385 2.25 12Zm14.024-.983a1.125 1.125 0 0 1 0 1.966l-5.603 3.113A1.125 1.125 0 0 1 9 15.113V8.887c0-.857.921-1.4 1.671-.983l5.603 3.113Z\" clip-rule=\"evenodd\" \/><\/svg><div class=\"ayg-thumbnail-now-playing\" style=\"display: none;\">Now Playing<\/div>        \n    <\/div>\n    <div class=\"ayg-thumbnail-caption\">\n         \n            <div class=\"ayg-thumbnail-title\">Fatal colisi\u00f3n en Paseo de la Rep\u00fablica<\/div>\n         \n                    <\/div>           \n<\/div>                <\/div>\n                            <div class=\"ayg-video ayg-video-ealKB13Pqlw ayg-col ayg-col-3 ayg-col-xs-2\">\n                    <div class=\"ayg-thumbnail\" data-id=\"ealKB13Pqlw\" data-title=\"Muere de aparente infarto mientras conduc\u00eda\" data-url=\"\">\n    <div class=\"ayg-thumbnail-media\">\n        <img loading=\"lazy\" decoding=\"async\" src=\"https:\/\/i.ytimg.com\/vi\/ealKB13Pqlw\/maxresdefault.jpg\" class=\"ayg-thumbnail-image\" width=\"320\" height=\"180\" alt=\"Muere de aparente infarto mientras conduc\u00eda\" \/><svg xmlns=\"http:\/\/www.w3.org\/2000\/svg\" fill=\"white\" width=\"40\" height=\"40\" viewBox=\"0 0 24 24\" class=\"ayg-icon ayg-thumbnail-icon-play\" title=\"Play\" aria-label=\"Play\"><path fill-rule=\"evenodd\" d=\"M2.25 12c0-5.385 4.365-9.75 9.75-9.75s9.75 4.365 9.75 9.75-4.365 9.75-9.75 9.75S2.25 17.385 2.25 12Zm14.024-.983a1.125 1.125 0 0 1 0 1.966l-5.603 3.113A1.125 1.125 0 0 1 9 15.113V8.887c0-.857.921-1.4 1.671-.983l5.603 3.113Z\" clip-rule=\"evenodd\" \/><\/svg><div class=\"ayg-thumbnail-now-playing\" style=\"display: none;\">Now Playing<\/div>        \n    <\/div>\n    <div class=\"ayg-thumbnail-caption\">\n         \n            <div class=\"ayg-thumbnail-title\">Muere de aparente infarto mientras conduc\u00eda<\/div>\n         \n                    <\/div>           \n<\/div>                <\/div>\n                            <div class=\"ayg-video ayg-video-gLDVURGNQ9I ayg-col ayg-col-3 ayg-col-xs-2\">\n                    <div class=\"ayg-thumbnail\" data-id=\"gLDVURGNQ9I\" data-title=\"Dos personas fallecidas deja megacarambola en zona urbana de la 57\" data-url=\"\">\n    <div class=\"ayg-thumbnail-media\">\n        <img loading=\"lazy\" decoding=\"async\" src=\"https:\/\/i.ytimg.com\/vi\/gLDVURGNQ9I\/maxresdefault.jpg\" class=\"ayg-thumbnail-image\" width=\"320\" height=\"180\" alt=\"Dos personas fallecidas deja megacarambola en zona urbana de la 57\" \/><svg xmlns=\"http:\/\/www.w3.org\/2000\/svg\" fill=\"white\" width=\"40\" height=\"40\" viewBox=\"0 0 24 24\" class=\"ayg-icon ayg-thumbnail-icon-play\" title=\"Play\" aria-label=\"Play\"><path fill-rule=\"evenodd\" d=\"M2.25 12c0-5.385 4.365-9.75 9.75-9.75s9.75 4.365 9.75 9.75-4.365 9.75-9.75 9.75S2.25 17.385 2.25 12Zm14.024-.983a1.125 1.125 0 0 1 0 1.966l-5.603 3.113A1.125 1.125 0 0 1 9 15.113V8.887c0-.857.921-1.4 1.671-.983l5.603 3.113Z\" clip-rule=\"evenodd\" \/><\/svg><div class=\"ayg-thumbnail-now-playing\" style=\"display: none;\">Now Playing<\/div>        \n    <\/div>\n    <div class=\"ayg-thumbnail-caption\">\n         \n            <div class=\"ayg-thumbnail-title\">Dos personas fallecidas deja megacarambola en zona urbana de la 57<\/div>\n         \n                    <\/div>           \n<\/div>                <\/div>\n                            <div class=\"ayg-video ayg-video-wqLNDAJWUEs ayg-col ayg-col-3 ayg-col-xs-2\">\n                    <div class=\"ayg-thumbnail\" data-id=\"wqLNDAJWUEs\" data-title=\"Ponchadura de neum\u00e1tico y exceso de velocidad probables causas dd volcadura\" data-url=\"\">\n    <div class=\"ayg-thumbnail-media\">\n        <img loading=\"lazy\" decoding=\"async\" src=\"https:\/\/i.ytimg.com\/vi\/wqLNDAJWUEs\/maxresdefault.jpg\" class=\"ayg-thumbnail-image\" width=\"320\" height=\"180\" alt=\"Ponchadura de neum\u00e1tico y exceso de velocidad probables causas dd volcadura\" \/><svg xmlns=\"http:\/\/www.w3.org\/2000\/svg\" fill=\"white\" width=\"40\" height=\"40\" viewBox=\"0 0 24 24\" class=\"ayg-icon ayg-thumbnail-icon-play\" title=\"Play\" aria-label=\"Play\"><path fill-rule=\"evenodd\" d=\"M2.25 12c0-5.385 4.365-9.75 9.75-9.75s9.75 4.365 9.75 9.75-4.365 9.75-9.75 9.75S2.25 17.385 2.25 12Zm14.024-.983a1.125 1.125 0 0 1 0 1.966l-5.603 3.113A1.125 1.125 0 0 1 9 15.113V8.887c0-.857.921-1.4 1.671-.983l5.603 3.113Z\" clip-rule=\"evenodd\" \/><\/svg><div class=\"ayg-thumbnail-now-playing\" style=\"display: none;\">Now Playing<\/div>        \n    <\/div>\n    <div class=\"ayg-thumbnail-caption\">\n         \n            <div class=\"ayg-thumbnail-title\">Ponchadura de neum\u00e1tico y exceso de velocidad probables causas dd volcadura<\/div>\n         \n                    <\/div>           \n<\/div>                <\/div>\n                            <div class=\"ayg-video ayg-video-HJeI7qFKmIo ayg-col ayg-col-3 ayg-col-xs-2\">\n                    <div class=\"ayg-thumbnail\" data-id=\"HJeI7qFKmIo\" data-title=\"Cateos en Vista Azul y San Pedrito Pe\u00f1uelas. Se investigan posibles delitos contra la salud.\" data-url=\"\">\n    <div class=\"ayg-thumbnail-media\">\n        <img loading=\"lazy\" decoding=\"async\" src=\"https:\/\/i.ytimg.com\/vi\/HJeI7qFKmIo\/maxresdefault.jpg\" class=\"ayg-thumbnail-image\" width=\"320\" height=\"180\" alt=\"Cateos en Vista Azul y San Pedrito Pe\u00f1uelas. Se investigan posibles delitos contra la salud.\" \/><svg xmlns=\"http:\/\/www.w3.org\/2000\/svg\" fill=\"white\" width=\"40\" height=\"40\" viewBox=\"0 0 24 24\" class=\"ayg-icon ayg-thumbnail-icon-play\" title=\"Play\" aria-label=\"Play\"><path fill-rule=\"evenodd\" d=\"M2.25 12c0-5.385 4.365-9.75 9.75-9.75s9.75 4.365 9.75 9.75-4.365 9.75-9.75 9.75S2.25 17.385 2.25 12Zm14.024-.983a1.125 1.125 0 0 1 0 1.966l-5.603 3.113A1.125 1.125 0 0 1 9 15.113V8.887c0-.857.921-1.4 1.671-.983l5.603 3.113Z\" clip-rule=\"evenodd\" \/><\/svg><div class=\"ayg-thumbnail-now-playing\" style=\"display: none;\">Now Playing<\/div>        \n    <\/div>\n    <div class=\"ayg-thumbnail-caption\">\n         \n            <div class=\"ayg-thumbnail-title\">Cateos en Vista Azul y San Pedrito Pe\u00f1uelas. Se investigan posibles delitos contra la salud.<\/div>\n         \n                    <\/div>           \n<\/div>                <\/div>\n                            <div class=\"ayg-video ayg-video-SiqZhwqQ-JU ayg-col ayg-col-3 ayg-col-xs-2\">\n                    <div class=\"ayg-thumbnail\" data-id=\"SiqZhwqQ-JU\" data-title=\"Volcadura aparatosa en el Fray Jun\u00edpero\" data-url=\"\">\n    <div class=\"ayg-thumbnail-media\">\n        <img loading=\"lazy\" decoding=\"async\" src=\"https:\/\/i.ytimg.com\/vi\/SiqZhwqQ-JU\/maxresdefault.jpg\" class=\"ayg-thumbnail-image\" width=\"320\" height=\"180\" alt=\"Volcadura aparatosa en el Fray Jun\u00edpero\" \/><svg xmlns=\"http:\/\/www.w3.org\/2000\/svg\" fill=\"white\" width=\"40\" height=\"40\" viewBox=\"0 0 24 24\" class=\"ayg-icon ayg-thumbnail-icon-play\" title=\"Play\" aria-label=\"Play\"><path fill-rule=\"evenodd\" d=\"M2.25 12c0-5.385 4.365-9.75 9.75-9.75s9.75 4.365 9.75 9.75-4.365 9.75-9.75 9.75S2.25 17.385 2.25 12Zm14.024-.983a1.125 1.125 0 0 1 0 1.966l-5.603 3.113A1.125 1.125 0 0 1 9 15.113V8.887c0-.857.921-1.4 1.671-.983l5.603 3.113Z\" clip-rule=\"evenodd\" \/><\/svg><div class=\"ayg-thumbnail-now-playing\" style=\"display: none;\">Now Playing<\/div>        \n    <\/div>\n    <div class=\"ayg-thumbnail-caption\">\n         \n            <div class=\"ayg-thumbnail-title\">Volcadura aparatosa en el Fray Jun\u00edpero<\/div>\n         \n                    <\/div>           \n<\/div>                <\/div>\n                            <div class=\"ayg-video ayg-video-CRcv79z-E3k ayg-col ayg-col-3 ayg-col-xs-2\">\n                    <div class=\"ayg-thumbnail\" data-id=\"CRcv79z-E3k\" data-title=\"Muere al caerle un montacargas que reparaba\" data-url=\"\">\n    <div class=\"ayg-thumbnail-media\">\n        <img loading=\"lazy\" decoding=\"async\" src=\"https:\/\/i.ytimg.com\/vi\/CRcv79z-E3k\/maxresdefault.jpg\" class=\"ayg-thumbnail-image\" width=\"320\" height=\"180\" alt=\"Muere al caerle un montacargas que reparaba\" \/><svg xmlns=\"http:\/\/www.w3.org\/2000\/svg\" fill=\"white\" width=\"40\" height=\"40\" viewBox=\"0 0 24 24\" class=\"ayg-icon ayg-thumbnail-icon-play\" title=\"Play\" aria-label=\"Play\"><path fill-rule=\"evenodd\" d=\"M2.25 12c0-5.385 4.365-9.75 9.75-9.75s9.75 4.365 9.75 9.75-4.365 9.75-9.75 9.75S2.25 17.385 2.25 12Zm14.024-.983a1.125 1.125 0 0 1 0 1.966l-5.603 3.113A1.125 1.125 0 0 1 9 15.113V8.887c0-.857.921-1.4 1.671-.983l5.603 3.113Z\" clip-rule=\"evenodd\" \/><\/svg><div class=\"ayg-thumbnail-now-playing\" style=\"display: none;\">Now Playing<\/div>        \n    <\/div>\n    <div class=\"ayg-thumbnail-caption\">\n         \n            <div class=\"ayg-thumbnail-title\">Muere al caerle un montacargas que reparaba<\/div>\n         \n                    <\/div>           \n<\/div>                <\/div>\n                            <div class=\"ayg-video ayg-video-lJZ_jApBGPY ayg-col ayg-col-3 ayg-col-xs-2\">\n                    <div class=\"ayg-thumbnail\" data-id=\"lJZ_jApBGPY\" data-title=\"Cateo y clausura de cl\u00ednica donde falleci\u00f3 funcionario de Huimilpan\" data-url=\"\">\n    <div class=\"ayg-thumbnail-media\">\n        <img loading=\"lazy\" decoding=\"async\" src=\"https:\/\/i.ytimg.com\/vi\/lJZ_jApBGPY\/maxresdefault.jpg\" class=\"ayg-thumbnail-image\" width=\"320\" height=\"180\" alt=\"Cateo y clausura de cl\u00ednica donde falleci\u00f3 funcionario de Huimilpan\" \/><svg xmlns=\"http:\/\/www.w3.org\/2000\/svg\" fill=\"white\" width=\"40\" height=\"40\" viewBox=\"0 0 24 24\" class=\"ayg-icon ayg-thumbnail-icon-play\" title=\"Play\" aria-label=\"Play\"><path fill-rule=\"evenodd\" d=\"M2.25 12c0-5.385 4.365-9.75 9.75-9.75s9.75 4.365 9.75 9.75-4.365 9.75-9.75 9.75S2.25 17.385 2.25 12Zm14.024-.983a1.125 1.125 0 0 1 0 1.966l-5.603 3.113A1.125 1.125 0 0 1 9 15.113V8.887c0-.857.921-1.4 1.671-.983l5.603 3.113Z\" clip-rule=\"evenodd\" \/><\/svg><div class=\"ayg-thumbnail-now-playing\" style=\"display: none;\">Now Playing<\/div>        \n    <\/div>\n    <div class=\"ayg-thumbnail-caption\">\n         \n            <div class=\"ayg-thumbnail-title\">Cateo y clausura de cl\u00ednica donde falleci\u00f3 funcionario de Huimilpan<\/div>\n         \n                    <\/div>           \n<\/div>                <\/div>\n                            <div class=\"ayg-video ayg-video-jBKxw7VYQ20 ayg-col ayg-col-3 ayg-col-xs-2\">\n                    <div class=\"ayg-thumbnail\" data-id=\"jBKxw7VYQ20\" data-title=\"Joven pierde la vida tras entrar a nadar a un cuerpo de agua en Mompan\u00ed.\" data-url=\"\">\n    <div class=\"ayg-thumbnail-media\">\n        <img loading=\"lazy\" decoding=\"async\" src=\"https:\/\/i.ytimg.com\/vi\/jBKxw7VYQ20\/maxresdefault.jpg\" class=\"ayg-thumbnail-image\" width=\"320\" height=\"180\" alt=\"Joven pierde la vida tras entrar a nadar a un cuerpo de agua en Mompan\u00ed.\" \/><svg xmlns=\"http:\/\/www.w3.org\/2000\/svg\" fill=\"white\" width=\"40\" height=\"40\" viewBox=\"0 0 24 24\" class=\"ayg-icon ayg-thumbnail-icon-play\" title=\"Play\" aria-label=\"Play\"><path fill-rule=\"evenodd\" d=\"M2.25 12c0-5.385 4.365-9.75 9.75-9.75s9.75 4.365 9.75 9.75-4.365 9.75-9.75 9.75S2.25 17.385 2.25 12Zm14.024-.983a1.125 1.125 0 0 1 0 1.966l-5.603 3.113A1.125 1.125 0 0 1 9 15.113V8.887c0-.857.921-1.4 1.671-.983l5.603 3.113Z\" clip-rule=\"evenodd\" \/><\/svg><div class=\"ayg-thumbnail-now-playing\" style=\"display: none;\">Now Playing<\/div>        \n    <\/div>\n    <div class=\"ayg-thumbnail-caption\">\n         \n            <div class=\"ayg-thumbnail-title\">Joven pierde la vida tras entrar a nadar a un cuerpo de agua en Mompan\u00ed.<\/div>\n         \n                    <\/div>           \n<\/div>                <\/div>\n                            <div class=\"ayg-video ayg-video-9X4GkWLRFJo ayg-col ayg-col-3 ayg-col-xs-2\">\n                    <div class=\"ayg-thumbnail\" data-id=\"9X4GkWLRFJo\" data-title=\"Muere quien fuera Director de PC de Huimilpan\" data-url=\"\">\n    <div class=\"ayg-thumbnail-media\">\n        <img loading=\"lazy\" decoding=\"async\" src=\"https:\/\/i.ytimg.com\/vi\/9X4GkWLRFJo\/maxresdefault.jpg\" class=\"ayg-thumbnail-image\" width=\"320\" height=\"180\" alt=\"Muere quien fuera Director de PC de Huimilpan\" \/><svg xmlns=\"http:\/\/www.w3.org\/2000\/svg\" fill=\"white\" width=\"40\" height=\"40\" viewBox=\"0 0 24 24\" class=\"ayg-icon ayg-thumbnail-icon-play\" title=\"Play\" aria-label=\"Play\"><path fill-rule=\"evenodd\" d=\"M2.25 12c0-5.385 4.365-9.75 9.75-9.75s9.75 4.365 9.75 9.75-4.365 9.75-9.75 9.75S2.25 17.385 2.25 12Zm14.024-.983a1.125 1.125 0 0 1 0 1.966l-5.603 3.113A1.125 1.125 0 0 1 9 15.113V8.887c0-.857.921-1.4 1.671-.983l5.603 3.113Z\" clip-rule=\"evenodd\" \/><\/svg><div class=\"ayg-thumbnail-now-playing\" style=\"display: none;\">Now Playing<\/div>        \n    <\/div>\n    <div class=\"ayg-thumbnail-caption\">\n         \n            <div class=\"ayg-thumbnail-title\">Muere quien fuera Director de PC de Huimilpan<\/div>\n         \n                    <\/div>           \n<\/div>                <\/div>\n                            <div class=\"ayg-video ayg-video-A-vwHJ50S3Y ayg-col ayg-col-3 ayg-col-xs-2\">\n                    <div class=\"ayg-thumbnail\" data-id=\"A-vwHJ50S3Y\" data-title=\"Cateo en Villas de Santiago deja 7 detenidos por delitos de alto impacto.\" data-url=\"\">\n    <div class=\"ayg-thumbnail-media\">\n        <img loading=\"lazy\" decoding=\"async\" src=\"https:\/\/i.ytimg.com\/vi\/A-vwHJ50S3Y\/mqdefault.jpg\" class=\"ayg-thumbnail-image\" width=\"320\" height=\"180\" alt=\"Cateo en Villas de Santiago deja 7 detenidos por delitos de alto impacto.\" \/><svg xmlns=\"http:\/\/www.w3.org\/2000\/svg\" fill=\"white\" width=\"40\" height=\"40\" viewBox=\"0 0 24 24\" class=\"ayg-icon ayg-thumbnail-icon-play\" title=\"Play\" aria-label=\"Play\"><path fill-rule=\"evenodd\" d=\"M2.25 12c0-5.385 4.365-9.75 9.75-9.75s9.75 4.365 9.75 9.75-4.365 9.75-9.75 9.75S2.25 17.385 2.25 12Zm14.024-.983a1.125 1.125 0 0 1 0 1.966l-5.603 3.113A1.125 1.125 0 0 1 9 15.113V8.887c0-.857.921-1.4 1.671-.983l5.603 3.113Z\" clip-rule=\"evenodd\" \/><\/svg><div class=\"ayg-thumbnail-now-playing\" style=\"display: none;\">Now Playing<\/div>        \n    <\/div>\n    <div class=\"ayg-thumbnail-caption\">\n         \n            <div class=\"ayg-thumbnail-title\">Cateo en Villas de Santiago deja 7 detenidos por delitos de alto impacto.<\/div>\n         \n                    <div class=\"ayg-thumbnail-excerpt\">La Fiscal\u00eda del estado en Coordinaci\u00f3n con la Polic\u00eda Estatal, ...<\/div>\n                  \n            <div class=\"ayg-thumbnail-description\" style=\"display: none;\">La Fiscal\u00eda del estado en Coordinaci\u00f3n con la Polic\u00eda Estatal, realizaron el operativo en la colonia Villas de Santiago, dando como resultado la detenci\u00f3n de 7 personas en 2 domicilios.<\/div>\n            <\/div>           \n<\/div>                <\/div>\n                            <div class=\"ayg-video ayg-video-jgTdDU5xcu8 ayg-col ayg-col-3 ayg-col-xs-2\">\n                    <div class=\"ayg-thumbnail\" data-id=\"jgTdDU5xcu8\" data-title=\"Movimiento policial en La Pradera por homicidio\" data-url=\"\">\n    <div class=\"ayg-thumbnail-media\">\n        <img loading=\"lazy\" decoding=\"async\" src=\"https:\/\/i.ytimg.com\/vi\/jgTdDU5xcu8\/maxresdefault.jpg\" class=\"ayg-thumbnail-image\" width=\"320\" height=\"180\" alt=\"Movimiento policial en La Pradera por homicidio\" \/><svg xmlns=\"http:\/\/www.w3.org\/2000\/svg\" fill=\"white\" width=\"40\" height=\"40\" viewBox=\"0 0 24 24\" class=\"ayg-icon ayg-thumbnail-icon-play\" title=\"Play\" aria-label=\"Play\"><path fill-rule=\"evenodd\" d=\"M2.25 12c0-5.385 4.365-9.75 9.75-9.75s9.75 4.365 9.75 9.75-4.365 9.75-9.75 9.75S2.25 17.385 2.25 12Zm14.024-.983a1.125 1.125 0 0 1 0 1.966l-5.603 3.113A1.125 1.125 0 0 1 9 15.113V8.887c0-.857.921-1.4 1.671-.983l5.603 3.113Z\" clip-rule=\"evenodd\" \/><\/svg><div class=\"ayg-thumbnail-now-playing\" style=\"display: none;\">Now Playing<\/div>        \n    <\/div>\n    <div class=\"ayg-thumbnail-caption\">\n         \n            <div class=\"ayg-thumbnail-title\">Movimiento policial en La Pradera por homicidio<\/div>\n         \n                    <\/div>           \n<\/div>                <\/div>\n                    <\/div>\n        <ayg-pagination class=\"ayg-pagination\" data-params='{\"uid\":\"7d4e1ab6693c39087b74c8577a6dc70b\",\"post_id\":10,\"type\":\"channel\",\"src\":\"UCvO6U3Cj8x-zotUSXVNag3w\",\"order\":\"relevance\",\"limit\":500,\"per_page\":12,\"cache\":900,\"columns\":3,\"thumb_ratio\":56.25,\"thumb_title\":1,\"thumb_title_length\":0,\"thumb_excerpt\":1,\"thumb_excerpt_length\":75,\"player_description\":1,\"total_pages\":164,\"paged\":1,\"next_page_token\":\"EAAaHlBUOkNBd2lFRGxGTXpsQ1EwTTFNak5HUVRjM1JUVQ\",\"prev_page_token\":\"\"}'>\n            <div class=\"ayg-pagination-next\">\n            <button type=\"button\" class=\"ayg-btn ayg-pagination-next-btn\" data-type=\"more\">Cargar m\u00e1s<\/button>\n        <\/div>\n    <\/ayg-pagination>    <\/ayg-theme-classic>\n<\/div>\n\n","protected":false},"excerpt":{"rendered":"","protected":false},"author":1,"featured_media":0,"parent":0,"menu_order":0,"comment_status":"closed","ping_status":"closed","template":"","meta":{"footnotes":""},"class_list":["post-10","page","type-page","status-publish","hentry"],"_links":{"self":[{"href":"https:\/\/www.inqro.com.mx\/tv\/wp-json\/wp\/v2\/pages\/10","targetHints":{"allow":["GET"]}}],"collection":[{"href":"https:\/\/www.inqro.com.mx\/tv\/wp-json\/wp\/v2\/pages"}],"about":[{"href":"https:\/\/www.inqro.com.mx\/tv\/wp-json\/wp\/v2\/types\/page"}],"author":[{"embeddable":true,"href":"https:\/\/www.inqro.com.mx\/tv\/wp-json\/wp\/v2\/users\/1"}],"replies":[{"embeddable":true,"href":"https:\/\/www.inqro.com.mx\/tv\/wp-json\/wp\/v2\/comments?post=10"}],"version-history":[{"count":5,"href":"https:\/\/www.inqro.com.mx\/tv\/wp-json\/wp\/v2\/pages\/10\/revisions"}],"predecessor-version":[{"id":16,"href":"https:\/\/www.inqro.com.mx\/tv\/wp-json\/wp\/v2\/pages\/10\/revisions\/16"}],"wp:attachment":[{"href":"https:\/\/www.inqro.com.mx\/tv\/wp-json\/wp\/v2\/media?parent=10"}],"curies":[{"name":"wp","href":"https:\/\/api.w.org\/{rel}","templated":true}]}}